{"id":30,"date":"2015-03-07T23:16:42","date_gmt":"2015-03-07T23:16:42","guid":{"rendered":"http:\/\/stoma.is\/?page_id=30"},"modified":"2020-05-18T12:36:29","modified_gmt":"2020-05-18T12:36:29","slug":"heilmikid-lif-med-stoma","status":"publish","type":"page","link":"https:\/\/stoma.is\/?page_id=30","title":{"rendered":"L\u00f6g"},"content":{"rendered":"<p>1. gr.<br \/>\nF\u00e9lagi\u00f0 heitir St\u00f3masamt\u00f6k \u00cdslands, ISILCO. Heimili \u00feess og varnar\u00feing er \u00ed Reykjav\u00edk.<\/p>\n<p>2. gr.<br \/>\nTilgangur f\u00e9lagsins er a\u00f0 stu\u00f0la \u00ed hv\u00edvetna a\u00f0 velfer\u00f0 f\u00f3lks sem gengist hefur undir st\u00f3maa\u00f0ger\u00f0ir, \u00fe.e. ristilst\u00f3ma (colostomy), garnast\u00f3ma (ileostomy), \u00fevagst\u00f3ma (urostomy), svo og garnapoka- (J-poka) og n\u00fdbl\u00f6\u00f0rua\u00f0ger\u00f0. \u00deessum tilgangi hyggst f\u00e9lagi\u00f0 fyrst og fremst n\u00e1 me\u00f0 \u00fev\u00ed:<\/p>\n<ol>\n<li>a\u00f0 vinna \u00e1 allan h\u00e1tt a\u00f0 hagsmunum \u00feeirra sem gengist hafa undir st\u00f3maa\u00f0ger\u00f0ir, garnapoka- og n\u00fdbl\u00f6\u00f0rua\u00f0ger\u00f0ir og kynningu \u00e1 m\u00e1lefnum \u00feeirra.<\/li>\n<li>a\u00f0 stu\u00f0la a\u00f0 fr\u00e6\u00f0slustarfsemi og mi\u00f0lun uppl\u00fdsinga um st\u00f3maa\u00f0ger\u00f0ir og vi\u00f0eigandi hj\u00e1lpart\u00e6ki til f\u00f3lks sem \u00fearf a\u00f0 gangast undir sl\u00edkar a\u00f0ger\u00f0ir, sem og til a\u00f0standenda og annarra velunnara.<\/li>\n<li>a\u00f0 beita s\u00e9r fyrir \u00fev\u00ed a\u00f0 hentug hj\u00e1lpart\u00e6ki s\u00e9u \u00e6t\u00ed\u00f0 \u00e1 bo\u00f0st\u00f3lum og jafnframt a\u00f0 afgrei\u00f0sla \u00feeirra s\u00e9 sem grei\u00f0ust.<\/li>\n<li>a\u00f0 efla samstarf vi\u00f0 l\u00e6kna og hj\u00fakrunarf\u00f3lk, sem annast \u00fe\u00e1 er fara \u00ed st\u00f3maa\u00f0ger\u00f0 e\u00f0a skylda a\u00f0ger\u00f0. Einnig samt\u00f6k svo sem Krabbameinsf\u00e9lag \u00cdslands, \u00d6ryrkjabandalag \u00cdslands og CCU-samt\u00f6kin.<\/li>\n<li>a\u00f0 stofna til samskipta vi\u00f0 erlend st\u00f3masamt\u00f6k.<\/li>\n<li>a\u00f0 taka a\u00f0 s\u00e9r verkefni erlendis til hagsb\u00f3ta fyrir st\u00f3ma\u00feega \u00e1 vi\u00f0komandi sv\u00e6\u00f0i. \u00c6vinlega skal \u00feess g\u00e6tt a\u00f0 verkefnin s\u00e9u h\u00e6fileg a\u00f0 umfangi og geti ekki stefnt fj\u00e1rhag St\u00f3masamtaka \u00cdslands \u00ed h\u00e6ttu.<\/li>\n<\/ol>\n<p>3. gr.:<br \/>\nSt\u00f3masamt\u00f6k \u00cdslands eru a\u00f0ili a\u00f0 Krabbameinsf\u00e9lagi \u00cdslands og \u00d6ryrkjabandalagi \u00cdslands en starfa a\u00f0 \u00f6llu leyti sem sj\u00e1lfst\u00e6tt f\u00e9lag. Samt\u00f6kin starfa \u00e1 landsv\u00edsu og geta f\u00e9lagar or\u00f0i\u00f0 allir \u00feeir sem gengist hafa undir st\u00f3ma-, garnapoka- e\u00f0a n\u00fdbl\u00f6\u00f0rua\u00f0ger\u00f0ir, greinst hafa me\u00f0 sj\u00fakd\u00f3m e\u00f0a f\u00e6\u00f0ingargalla sem lei\u00f0a kann til st\u00f3maa\u00f0ger\u00f0ar, a\u00f0standendur \u00feeirra og a\u00f0rir velunnarar f\u00e9lagsins.<\/p>\n<p>4.gr.<br \/>\nStj\u00f3rn f\u00e9lagsins er skipu\u00f0 fimm a\u00f0alm\u00f6nnum og tveim til vara, kosnum \u00e1 a\u00f0alfundi. Forma\u00f0ur skal kosinn s\u00e9rstaklega til tveggja \u00e1ra \u00ed senn. Anna\u00f0 hvert \u00e1r skal kj\u00f3sa tvo me\u00f0stj\u00f3rnendur til tveggja \u00e1ra og hitt \u00e1ri\u00f0 einn me\u00f0stj\u00f3rnanda. Fyrirli\u00f0i ungli\u00f0ahreyfingarinnar er stj\u00f3rnarma\u00f0ur me\u00f0 tveggja \u00e1ra kj\u00f6rt\u00edmabil \u00ed senn. Varamenn \u00ed stj\u00f3rn skal kj\u00f3sa til tveggja \u00e1ra \u00ed senn. \u00c1 fyrsta stj\u00f3rnarfundi eftir a\u00f0alfund k\u00fds stj\u00f3rnin \u00far s\u00ednum h\u00f3pi varaformann, ritara og gjaldkera. Meirihluti stj\u00f3rnar skal \u00e6t\u00ed\u00f0 skipa\u00f0ur f\u00f3lki sem gengist hefur undir st\u00f3maa\u00f0ger\u00f0. S\u00e1 sem gengur \u00far stj\u00f3rn m\u00e1 gefa kost \u00e1 s\u00e9r \u00e1 n\u00fd eftir tv\u00f6 \u00e1r. Bo\u00f0a skal varamenn \u00e1 stj\u00f3rnarfundi og hafa \u00feeir m\u00e1lfrelsi og till\u00f6gur\u00e9tt.<br \/>\n\u00c1 a\u00f0alfundi skal kj\u00f3sa tvo sko\u00f0unarmenn reikninga og einn til vara til tveggja \u00e1ra \u00ed senn. Pr\u00f3fk\u00faruhafi er stj\u00f3rn f\u00e9lagsins e\u00f0a s\u00e1 stj\u00f3rnarma\u00f0ur sem h\u00fan veitir sl\u00edkt umbo\u00f0. Kj\u00f6rgengi til allra emb\u00e6tta er h\u00e1\u00f0 \u00fev\u00ed a\u00f0 vi\u00f0komandi hafi greitt f\u00e9lagsgj\u00f6ld s\u00edn m\u00e1nu\u00f0i fyrir a\u00f0alfund hi\u00f0 minnsta.<\/p>\n<p>5.gr.<br \/>\nUngli\u00f0ahreyfing St\u00f3masamtakanna velur s\u00e9r fyrirli\u00f0a til tveggja \u00e1ra \u00ed senn. Ef fleiri en einn s\u00e6kjast eftir emb\u00e6ttinu skal kosi\u00f0 um \u00fea\u00f0 eftir s\u00f6mu reglum og gilda um a\u00f0rar kosningar \u00ed \u00feessum l\u00f6gum. Fyrirli\u00f0inn skal vera st\u00f3ma\u00feegi \u00e1 aldrinum 20-40 \u00e1ra. Fyrirli\u00f0inn er stj\u00f3rnarma\u00f0ur \u00ed St\u00f3masamt\u00f6kunum me\u00f0 \u00f6llum \u00feeim r\u00e9ttindum og skyldum sem \u00fev\u00ed fylgja og tekur fullan \u00fe\u00e1tt \u00ed st\u00f6rfum stj\u00f3rnarinnar.<\/p>\n<p>6. gr.<br \/>\nA\u00f0alfundur skal haldinn a\u00f0 vori fyrir mi\u00f0jan ma\u00ed og er l\u00f6gm\u00e6tur ef til hans er bo\u00f0a\u00f0 me\u00f0 minnst tveggja vikna fyrirvara. A\u00f0alfundur hefur \u00e6\u00f0sta vald \u00ed \u00f6llum m\u00e1lefnum f\u00e9lagins. A\u00f0rir f\u00e9lagsfundir skulu bo\u00f0a\u00f0ir me\u00f0 minnst viku fyrirvara. Stj\u00f3rnarfundi getur forma\u00f0ur bo\u00f0a\u00f0 hven\u00e6r sem hann telur henta.<\/p>\n<p>7.gr.<br \/>\nReiknings\u00e1r samtakanna er almanaks\u00e1ri\u00f0 og skulu endursko\u00f0a\u00f0ir reikningar lag\u00f0ir fram \u00e1 a\u00f0alfundi \u00e1r hvert. \u00c1rgjald skal \u00e1kve\u00f0i\u00f0 \u00e1 a\u00f0alfundi. Atkv\u00e6\u00f0isr\u00e9tt \u00e1 a\u00f0alfundi hafa allir f\u00e9lagar, sem greitt hafa f\u00e9lagsgj\u00f6ld s\u00edn hi\u00f0 minnsta einum m\u00e1nu\u00f0i fyrir a\u00f0alfund.<\/p>\n<p>8. gr.<br \/>\nTil breytinga \u00e1 l\u00f6gum \u00feessum \u00fearf 2\/3 greiddra atkv\u00e6\u00f0a \u00e1 a\u00f0alfundi.<\/p>\n<p>9. gr.<br \/>\nVer\u00f0i f\u00e9laginu sliti\u00f0, en til \u00feess \u00fearf 2\/3 greiddra atkv\u00e6\u00f0a \u00e1 a\u00f0alfundi, skal eignum \u00feess vari\u00f0 til l\u00edknarf\u00e9laga eftir \u00fev\u00ed sem fundurinn \u00e1kve\u00f0ur.<br \/>\nSam\u00feykkti \u00e1 a\u00f0alfundi 4. ma\u00ed 2017<\/p>\n","protected":false},"excerpt":{"rendered":"<p>1. gr. F\u00e9lagi\u00f0 heitir St\u00f3masamt\u00f6k \u00cdslands, ISILCO. Heimili \u00feess og varnar\u00feing er \u00ed Reykjav\u00edk. 2. gr. Tilgangur f\u00e9lagsins er a\u00f0 stu\u00f0la \u00ed hv\u00edvetna a\u00f0 velfer\u00f0 f\u00f3lks sem gengist hefur undir st\u00f3maa\u00f0ger\u00f0ir, \u00fe.e. ristilst\u00f3ma (colostomy), garnast\u00f3ma (ileostomy), \u00fevagst\u00f3ma (urostomy), svo og garnapoka- (J-poka) og n\u00fdbl\u00f6\u00f0rua\u00f0ger\u00f0. \u00deessum tilgangi hyggst f\u00e9lagi\u00f0 fyrst og fremst n\u00e1 me\u00f0 \u00fev\u00ed: a\u00f0 [&hellip;]<\/p>\n","protected":false},"author":1,"featured_media":40,"parent":0,"menu_order":0,"comment_status":"open","ping_status":"open","template":"","meta":{"_genesis_hide_title":false,"_genesis_hide_breadcrumbs":false,"_genesis_hide_singular_image":false,"_genesis_hide_footer_widgets":false,"_genesis_custom_body_class":"","_genesis_custom_post_class":"","_genesis_layout":"","footnotes":""},"_links":{"self":[{"href":"https:\/\/stoma.is\/index.php?rest_route=\/wp\/v2\/pages\/30"}],"collection":[{"href":"https:\/\/stoma.is\/index.php?rest_route=\/wp\/v2\/pages"}],"about":[{"href":"https:\/\/stoma.is\/index.php?rest_route=\/wp\/v2\/types\/page"}],"author":[{"embeddable":true,"href":"https:\/\/stoma.is\/index.php?rest_route=\/wp\/v2\/users\/1"}],"replies":[{"embeddable":true,"href":"https:\/\/stoma.is\/index.php?rest_route=%2Fwp%2Fv2%2Fcomments&post=30"}],"version-history":[{"count":8,"href":"https:\/\/stoma.is\/index.php?rest_route=\/wp\/v2\/pages\/30\/revisions"}],"predecessor-version":[{"id":911,"href":"https:\/\/stoma.is\/index.php?rest_route=\/wp\/v2\/pages\/30\/revisions\/911"}],"wp:featuredmedia":[{"embeddable":true,"href":"https:\/\/stoma.is\/index.php?rest_route=\/wp\/v2\/media\/40"}],"wp:attachment":[{"href":"https:\/\/stoma.is\/index.php?rest_route=%2Fwp%2Fv2%2Fmedia&parent=30"}],"curies":[{"name":"wp","href":"https:\/\/api.w.org\/{rel}","templated":true}]}}