{"id":98,"date":"2015-03-10T20:46:08","date_gmt":"2015-03-10T20:46:08","guid":{"rendered":"http:\/\/stoma.is\/?page_id=98"},"modified":"2015-03-10T21:54:17","modified_gmt":"2015-03-10T21:54:17","slug":"spurt-og-svarad","status":"publish","type":"page","link":"http:\/\/stoma.is\/?page_id=98","title":{"rendered":"Spurt og svara\u00f0"},"content":{"rendered":"<p><strong>Er h\u00e6gt a\u00f0 ganga \u00ed \u00f6llum ger\u00f0um af f\u00f6tum?<\/strong><\/p>\n<ul>\n<li>Fyrst eftir a\u00f0ger\u00f0 er l\u00edkaminn aumur \u00e1 a\u00f0ger\u00f0asv\u00e6\u00f0inu og ekki \u00fe\u00e6gilegt a\u00f0 vera \u00ed \u00fer\u00f6ngu e\u00f0a buxum me\u00f0 miklum streng. En \u00feegar fr\u00e1 l\u00ed\u00f0ur ganga flestir \u00ed s\u00f6mu f\u00f6tum og \u00feeir notu\u00f0u fyrir a\u00f0ger\u00f0, t.d. gallabuxur.<\/li>\n<\/ul>\n<p><strong>Er h\u00e6gt a\u00f0 eignast b\u00f6rn \u00fe\u00f3tt ma\u00f0ur s\u00e9 me\u00f0 st\u00f3m\u00edu?<\/strong><\/p>\n<ul>\n<li>\u00dea\u00f0 hafa margar konur eignast b\u00f6rn \u00fe\u00f3tt \u00fe\u00e6r s\u00e9u me\u00f0 st\u00f3ma og \u00fea\u00f0 hefur ekkert h\u00e1\u00f0 \u00feeim a\u00f0 vera me\u00f0 st\u00f3mapoka. Hins vegar hefur svona st\u00f3r a\u00f0ger\u00f0 \u00e1 kvi\u00f0sv\u00e6\u00f0inu \u00e1hrif \u00e1 frj\u00f3semi jafnt hj\u00e1 konum.<\/li>\n<\/ul>\n<p><strong>Er h\u00e6gt a\u00f0 fara \u00ed sund me\u00f0 st\u00f3mapoka?<\/strong><\/p>\n<ul>\n<li>\u00dea\u00f0 er ekkert m\u00e1l. Margir st\u00f3ma\u00feegar fara daglega \u00ed sund.<\/li>\n<\/ul>\n<p><strong>Er h\u00e6gt a\u00f0 gera allt me\u00f0 st\u00f3ma sem venjulegt f\u00f3lk getur gert?<\/strong><\/p>\n<ul>\n<li>J\u00e1, n\u00e1nast allt. St\u00f3ma\u00feegar hlaupa, hj\u00f3la, synda, klifra fj\u00f6ll, kafa og margt fleira.<\/li>\n<\/ul>\n<p><strong>Er st\u00f3m\u00edan ekkert vi\u00f0kv\u00e6m fyrir h\u00f6ggi e\u00f0a a\u00f0 eitthva\u00f0 rekist \u00ed hana?<\/strong><\/p>\n<ul>\n<li>St\u00f3mian sj\u00e1lf hefur enga taugaenda, ef \u00fe\u00fa f\u00e6r\u00f0 h\u00f6gg g\u00e6tir\u00f0u hins vegar fundi\u00f0 til verks \u00ed kvi\u00f0v\u00f6\u00f0vum \u00ed kringum hana. Ekki er vita\u00f0 um h\u00e9r \u00e1 landi a\u00f0 f\u00f3lk hafi \u00feurft a\u00f0 leita l\u00e6knis eftir a\u00f0 eitthva\u00f0 hafi rekist \u00ed st\u00f3m\u00edu.<\/li>\n<\/ul>\n<p><strong>Get \u00e9g \u00e1tt e\u00f0lilegt kynl\u00edf?<\/strong><\/p>\n<ul>\n<li>B\u00e6\u00f0i kynin \u00e6ttu a\u00f0 geta lifa\u00f0 e\u00f0lilegu kynl\u00edfi eftir a\u00f0ger\u00f0. Andlegir erfi\u00f0leikar sem a\u00f0 oft hrj\u00e1 f\u00f3lk eftir erfi\u00f0a reynslu geta \u00fe\u00f3 haft \u00e1hrif \u00e1 kynl\u00edfi\u00f0. L\u00edkamlega er ekkert \u00fev\u00ed til fyrirst\u00f6\u00f0u a\u00f0 f\u00f3lk geti lifa\u00f0 e\u00f0lilegu kynl\u00edfi sem \u00e1\u00f0ur.<\/li>\n<\/ul>\n<p><strong>\u00dearf \u00e9g a\u00f0 taka inn lyf?<\/strong><\/p>\n<ul>\n<li>Ekki endilega. Flestir trappa sig ni\u00f0ur af sterunum sem \u00feeir f\u00e1 vi\u00f0 a\u00f0ger\u00f0ina \u00e1 nokkrum vikum. Ef \u00fe\u00fa hefur veri\u00f0 mj\u00f6g lengi \u00e1 sterum \u00fe\u00e1 g\u00e6ti \u00fea\u00f0 teki\u00f0 lengri t\u00edma. Sumir taka inn imodium til a\u00f0 h\u00e6gja \u00e1 \u00fearmahreyfingum til a\u00f0 minnka t\u00ed\u00f0ni kl\u00f3settfer\u00f0a, einnig taka sumir inn Husk \u00ed sama tilgangi. A\u00f0ger\u00f0in er l\u00e6kning \u00ed sj\u00e1lfum s\u00e9r!<\/li>\n<\/ul>\n<p><strong>Eru einhverja aukaverkanir e\u00f0a \u00f3\u00fe\u00e6gindi sem a\u00f0 gott er a\u00f0 vita af?<\/strong><\/p>\n<ul>\n<li>J\u00e1 \u00fea\u00f0 geta komi\u00f0 upp vandr\u00e6\u00f0i sem eru \u00ed flestum tilfellum sm\u00e1v\u00e6gileg mi\u00f0a\u00f0 vi\u00f0 \u00fea\u00f0 sem sj\u00faklingur me\u00f0 sl\u00e6ma b\u00f3lgusj\u00fakd\u00f3ma hefur upplifa\u00f0. Einstaklingar geta fundi\u00f0 fyrir st\u00edflu, \u00fe.e til d\u00e6mis \u00feegar maturinn hefur ekki veri\u00f0 tugginn n\u00e6gilega vel og festist \u00ed g\u00f6rninni, \u00feyrmla (fistula), og s\u00fdkingu \u00ed pokann (pouchitis). \u00deetta er allt h\u00e6gt a\u00f0 me\u00f0h\u00f6ndla. Mj\u00f6g sjaldg\u00e6ft vandam\u00e1l er leki (anastomosis leakage) \u00fe\u00e1 g\u00e6ti \u00feurft a\u00f0 setja t\u00edmabundna st\u00f3m\u00edu \u00e1 me\u00f0an sv\u00e6\u00f0i\u00f0 \u00fear sem lekinn er f\u00e6r a\u00f0 gr\u00f3a. S\u00ed\u00f0an er g\u00f6rnin saumu\u00f0 saman aftur (st\u00f3m\u00edan tekin) og pokinn tekur aftur til sinna starfa. Skur\u00f0l\u00e6knirinn \u00feinn mun gera allar r\u00e1\u00f0stafanir til \u00feess a\u00f0 koma \u00ed veg fyrir a\u00f0 \u00feessi vandam\u00e1l komi upp . Mundu bara a\u00f0 vera \u00ed g\u00f3\u00f0u sambandi vi\u00f0 l\u00e6kninn \u00feinn og st\u00f3mahj\u00fakrunarfr\u00e6\u00f0inginn og spur\u00f0u \u00feeirra spurninga sem brenna \u00e1 \u00fe\u00e9r. Einnig er gott a\u00f0 hafa samband vi\u00f0 St\u00f3masamt\u00f6k \u00cdslands \u00fear sem \u00fear er f\u00f3lk sem hefur s\u00f6mu reynslu og \u00fe\u00fa og getur a\u00f0sto\u00f0a\u00f0 \u00feig .<\/li>\n<\/ul>\n<p><strong>Get \u00e9g fengi\u00f0 s\u00e1raristilsb\u00f3lgu (Colitis ulcerosa) aftur?<\/strong><\/p>\n<ul>\n<li>Nei, a\u00f0ger\u00f0in og brottn\u00e1m ristils og sl\u00edmh\u00fa\u00f0arinnar \u00ed enda\u00fearmi lokar \u00feeim kafla \u00ed l\u00edfi \u00fe\u00ednu. Ef \u00fea\u00f0 er enginn ristill \u00fe\u00e1 er engin s\u00e1raristilsb\u00f3lga heldur! Me\u00f0 \u00fev\u00ed a\u00f0 fjarl\u00e6gja ristilinn er einnig komi\u00f0 \u00ed veg fyrir ristilskrabba. \u00de\u00f3 er stundum skilin eftir mj\u00f6g l\u00edtil hluti af sl\u00edmh\u00fa\u00f0 sem skur\u00f0l\u00e6knirinn \u00fearf \u00fe\u00e1 a\u00f0 fylgjast me\u00f0 reglulega.<\/li>\n<\/ul>\n<p><strong>Er J-poka a\u00f0ger\u00f0 mj\u00f6g s\u00e1rsaukafull?<\/strong><\/p>\n<ul>\n<li>\u00de\u00fa getur fengi\u00f0 verk \u00e1 skur\u00f0sv\u00e6\u00f0i\u00f0 eftir a\u00f0ger\u00f0. \u00dea\u00f0 eru til g\u00f3\u00f0 verkjastillandi lyf sem eru gefin \u00e1 sp\u00edtalanum. Flestir taka svo hef\u00f0bundin verkjalyf \u00feegar heim er komi\u00f0 vi\u00f0 g\u00f3\u00f0an \u00e1rangur. Flj\u00f3tlega eftir heimkomu er svo ekki \u00fe\u00f6rf fyrir \u00feau lengur.<\/li>\n<\/ul>\n<p><strong>Hafa einhverjir eftirsj\u00e1 eftir a\u00f0 hafa fari\u00f0 \u00ed j-poka a\u00f0ger\u00f0?<\/strong><\/p>\n<ul>\n<li>Flestir einstaklingar sem a\u00f0 fari\u00f0 hafa \u00ed a\u00f0ger\u00f0ina eru mj\u00f6g \u00e1n\u00e6g\u00f0ir me\u00f0 \u00e1kv\u00f6r\u00f0un s\u00edna. T\u00f6flur, verkir, bl\u00f3\u00f0ugar h\u00e6g\u00f0ir heyra s\u00f6gunni til. Margir \u00feora ekki anna\u00f0 en a\u00f0 standa v\u00f6r\u00f0 og b\u00ed\u00f0a eftir n\u00e6sta kasti, \u00fear sem \u00feeir eru or\u00f0nir svo vanir a\u00f0 b\u00faa vi\u00f0 \u00f3ttann af kr\u00f3n\u00edskum sj\u00fakd\u00f3mi. En \u00fe\u00e9r er \u00f3h\u00e6tt a\u00f0 sleppa takinu \u00fev\u00ed a\u00f0 sj\u00fakd\u00f3murinn er farinn og n\u00fana byrjar l\u00edf \u00feitt a\u00f0 n\u00fdju. Margir segja a\u00f0 eftir a\u00f0 ristillinn var tekin \u00fe\u00e1 fyrst h\u00f3fst l\u00edfi\u00f0 fyrir alv\u00f6ru.<\/li>\n<\/ul>\n<p><strong>Hva\u00f0 m\u00e1 \u00e9g bor\u00f0a eftir a\u00f0 \u00e9g hef fengi\u00f0 J-poka<\/strong><\/p>\n<ul>\n<li>N\u00e6stum \u00fev\u00ed allan mat. \u00de\u00fa ver\u00f0ur bara a\u00f0 pr\u00f3fa \u00feig \u00e1fram \u00ed sm\u00e1um sk\u00f6mmtum \u00ed einu og athuga\u00f0u hvernig \u00fe\u00e9r l\u00ed\u00f0ur. Ef \u00fe\u00fa \u00e1ttir \u00ed erfi\u00f0leikum me\u00f0 a\u00f0 melta mj\u00f3lkurv\u00f6rur e\u00f0a me\u00f0 lakt\u00f3sa\u00f3\u00feol g\u00e6ti \u00fea\u00f0 enn veri\u00f0 til sta\u00f0ar. N\u00e1nar um matar\u00e6\u00f0i fr\u00e1 Sv\u00f6vu<\/li>\n<\/ul>\n","protected":false},"excerpt":{"rendered":"<p>Er h\u00e6gt a\u00f0 ganga \u00ed \u00f6llum ger\u00f0um af f\u00f6tum? Fyrst eftir a\u00f0ger\u00f0 er l\u00edkaminn aumur \u00e1 a\u00f0ger\u00f0asv\u00e6\u00f0inu og ekki \u00fe\u00e6gilegt a\u00f0 vera \u00ed \u00fer\u00f6ngu e\u00f0a buxum me\u00f0 miklum streng. En \u00feegar fr\u00e1 l\u00ed\u00f0ur ganga flestir \u00ed s\u00f6mu f\u00f6tum og \u00feeir notu\u00f0u fyrir a\u00f0ger\u00f0, t.d. gallabuxur. Er h\u00e6gt a\u00f0 eignast b\u00f6rn \u00fe\u00f3tt ma\u00f0ur s\u00e9 me\u00f0 st\u00f3m\u00edu? [&hellip;]<\/p>\n","protected":false},"author":1,"featured_media":0,"parent":0,"menu_order":0,"comment_status":"open","ping_status":"open","template":"","meta":{"_genesis_hide_title":false,"_genesis_hide_breadcrumbs":false,"_genesis_hide_singular_image":false,"_genesis_hide_footer_widgets":false,"_genesis_custom_body_class":"","_genesis_custom_post_class":"","_genesis_layout":"","footnotes":""},"_links":{"self":[{"href":"http:\/\/stoma.is\/index.php?rest_route=\/wp\/v2\/pages\/98"}],"collection":[{"href":"http:\/\/stoma.is\/index.php?rest_route=\/wp\/v2\/pages"}],"about":[{"href":"http:\/\/stoma.is\/index.php?rest_route=\/wp\/v2\/types\/page"}],"author":[{"embeddable":true,"href":"http:\/\/stoma.is\/index.php?rest_route=\/wp\/v2\/users\/1"}],"replies":[{"embeddable":true,"href":"http:\/\/stoma.is\/index.php?rest_route=%2Fwp%2Fv2%2Fcomments&post=98"}],"version-history":[{"count":6,"href":"http:\/\/stoma.is\/index.php?rest_route=\/wp\/v2\/pages\/98\/revisions"}],"predecessor-version":[{"id":134,"href":"http:\/\/stoma.is\/index.php?rest_route=\/wp\/v2\/pages\/98\/revisions\/134"}],"wp:attachment":[{"href":"http:\/\/stoma.is\/index.php?rest_route=%2Fwp%2Fv2%2Fmedia&parent=98"}],"curies":[{"name":"wp","href":"https:\/\/api.w.org\/{rel}","templated":true}]}}