{"id":977,"date":"2021-06-15T13:30:32","date_gmt":"2021-06-15T13:30:32","guid":{"rendered":"http:\/\/stoma.is\/?page_id=977"},"modified":"2021-06-15T13:30:32","modified_gmt":"2021-06-15T13:30:32","slug":"gerast-felagi","status":"publish","type":"page","link":"http:\/\/stoma.is\/?page_id=977","title":{"rendered":"Gerast f\u00e9lagi"},"content":{"rendered":"\n<p>St\u00f3masamt\u00f6k \u00cdslands starfa \u00e1 landsv\u00edsu og geta f\u00e9lagar or\u00f0i\u00f0 allir \u00feeir sem gengist hafa undir st\u00f3ma-, garnapoka- e\u00f0a n\u00fdbl\u00f6\u00f0rua\u00f0ger\u00f0ir, greinst hafa me\u00f0 sj\u00fakd\u00f3m e\u00f0a f\u00e6\u00f0ingargalla sem lei\u00f0a kann til st\u00f3maa\u00f0ger\u00f0ar, a\u00f0standendur \u00feeirra og a\u00f0rir velunnarar f\u00e9lagsins.<\/p>\n\n\n\n<p>Sendu t\u00f6lvup\u00f3st \u00e1 netfangi\u00f0 <a href=\"mailto:stoma@stoma.is\">stoma@stoma.is<\/a> ef \u00fe\u00fa hefur hug \u00e1 a\u00f0 ganga til li\u00f0s vi\u00f0 f\u00e9lagi\u00f0.<\/p>\n","protected":false},"excerpt":{"rendered":"<p>St\u00f3masamt\u00f6k \u00cdslands starfa \u00e1 landsv\u00edsu og geta f\u00e9lagar or\u00f0i\u00f0 allir \u00feeir sem gengist hafa undir st\u00f3ma-, garnapoka- e\u00f0a n\u00fdbl\u00f6\u00f0rua\u00f0ger\u00f0ir, greinst hafa me\u00f0 sj\u00fakd\u00f3m e\u00f0a f\u00e6\u00f0ingargalla sem lei\u00f0a kann til st\u00f3maa\u00f0ger\u00f0ar, a\u00f0standendur \u00feeirra og a\u00f0rir velunnarar f\u00e9lagsins. Sendu t\u00f6lvup\u00f3st \u00e1 netfangi\u00f0 stoma@stoma.is ef \u00fe\u00fa hefur hug \u00e1 a\u00f0 ganga til li\u00f0s vi\u00f0 f\u00e9lagi\u00f0.<\/p>\n","protected":false},"author":6,"featured_media":0,"parent":0,"menu_order":0,"comment_status":"closed","ping_status":"closed","template":"","meta":{"_genesis_hide_title":false,"_genesis_hide_breadcrumbs":false,"_genesis_hide_singular_image":false,"_genesis_hide_footer_widgets":false,"_genesis_custom_body_class":"","_genesis_custom_post_class":"","_genesis_layout":"","footnotes":""},"_links":{"self":[{"href":"http:\/\/stoma.is\/index.php?rest_route=\/wp\/v2\/pages\/977"}],"collection":[{"href":"http:\/\/stoma.is\/index.php?rest_route=\/wp\/v2\/pages"}],"about":[{"href":"http:\/\/stoma.is\/index.php?rest_route=\/wp\/v2\/types\/page"}],"author":[{"embeddable":true,"href":"http:\/\/stoma.is\/index.php?rest_route=\/wp\/v2\/users\/6"}],"replies":[{"embeddable":true,"href":"http:\/\/stoma.is\/index.php?rest_route=%2Fwp%2Fv2%2Fcomments&post=977"}],"version-history":[{"count":1,"href":"http:\/\/stoma.is\/index.php?rest_route=\/wp\/v2\/pages\/977\/revisions"}],"predecessor-version":[{"id":978,"href":"http:\/\/stoma.is\/index.php?rest_route=\/wp\/v2\/pages\/977\/revisions\/978"}],"wp:attachment":[{"href":"http:\/\/stoma.is\/index.php?rest_route=%2Fwp%2Fv2%2Fmedia&parent=977"}],"curies":[{"name":"wp","href":"https:\/\/api.w.org\/{rel}","templated":true}]}}