{"id":94,"date":"2015-03-10T20:40:17","date_gmt":"2015-03-10T20:40:17","guid":{"rendered":"http:\/\/stoma.is\/?page_id=94"},"modified":"2015-03-10T20:40:36","modified_gmt":"2015-03-10T20:40:36","slug":"94-2","status":"publish","type":"page","link":"http:\/\/stoma.is\/?page_id=94","title":{"rendered":"A\u00f0 fer\u00f0ast me\u00f0 st\u00f3ma"},"content":{"rendered":"<p>\u00c1\u00f0ur en \u00fe\u00fa byrjar a\u00f0 pakka ni\u00f0ur:<\/p>\n<ul>\n<li>Skrifa\u00f0u ni\u00f0ur hj\u00e1 \u00fe\u00e9r, st\u00e6r\u00f0, nafn, p\u00f6ntunarn\u00famer og framlei\u00f0anda \u00feeirra st\u00f3mavarnings sem \u00fe\u00fa notar, sem og s\u00edman\u00famer dreifingara\u00f0ila.<\/li>\n<li>Ristilsst\u00f3ma: Athuga hvort ekki s\u00e9 h\u00e6gt a\u00f0 f\u00e1 poka sem h\u00e6gt er a\u00f0 t\u00e6ma, \u00fev\u00ed ef ni\u00f0urgangur gerir vart vi\u00f0 sig er au\u00f0veldara a\u00f0 hafa poka sem h\u00e6gt er a\u00f0 t\u00e6ma \u00e1 au\u00f0veldan h\u00e1tt.<\/li>\n<li>Athuga hvort poki og plata passi saman.<\/li>\n<li>F\u00e1 uppl\u00fdsingar hj\u00e1 flugf\u00e9laginu hvort ekki s\u00e9 h\u00e6gt a\u00f0 f\u00e1 leyfi til a\u00f0 vera me\u00f0 tv\u00e6r t\u00f6skur \u00ed handfarangri vegna st\u00f3mavarnings.<\/li>\n<li>\u00deegar panta\u00f0 er s\u00e6ti \u00ed flugv\u00e9linni &#8211; gott a\u00f0 f\u00e1 s\u00e6ti vi\u00f0 ganginn og n\u00e1l\u00e6gt W.C.<br \/>\nTil \u00feess a\u00f0 koma \u00ed veg fyrir v\u00f6kva\u00feurrk er gott a\u00f0 drekka eitt glas af vatni e\u00f0a dj\u00fas \u00e1 klukkut\u00edma fresti \u00e1 me\u00f0an flugi stendur.<\/li>\n<li>Taktu st\u00f3mavarning fyrir nokkra daga \u00e1vallt me\u00f0 \u00fe\u00e9r \u00ed handfarangur \u00fev\u00ed fer\u00f0at\u00f6skur geta lent \u00e1 \u00f6\u00f0rum sta\u00f0 \u00ed heiminum en \u00fe\u00fa, til d\u00e6mis \u00fe\u00fa lendir \u00ed Frakklandi en taskan \u00ed Tyrklandi.<\/li>\n<li>H\u00e6gt er a\u00f0 f\u00e1 sk\u00edrteini hj\u00e1 St\u00f3masamt\u00f6kunum \u00fear sem stendur a\u00f0 eigandi \u00feessa korts hafi gengi\u00f0 \u00ed gegnum st\u00f3maa\u00f0ger\u00f0 og \u00fearf a\u00f0 hafa me\u00f0fer\u00f0is st\u00f3mavarning og einnig m\u00e1 ekki gera l\u00edkamsko\u00f0anir \u00e1 handafa kortsins nema inn \u00e1 sp\u00edtala og af s\u00e9rfr\u00e6\u00f0ingi. Nau\u00f0synlegt kort n\u00fa til dags a\u00f0 hafa me\u00f0fer\u00f0is!<\/li>\n<\/ul>\n<p>Pakka\u00f0 ni\u00f0ur:<\/p>\n<ul>\n<li>St\u00f3mavarningur &#8211; Taktu meira me\u00f0 \u00fe\u00e9r en \u00fe\u00fa \u00fearft. Tv\u00f6falt meira er g\u00f3\u00f0 vi\u00f0mi\u00f0un.<\/li>\n<li>Til \u00feess a\u00f0 d\u00f3ti\u00f0 taki sem minnst pl\u00e1ss er gott a\u00f0 taka \u00fea\u00f0 sem h\u00e6gt er \u00far st\u00f3ru umb\u00fa\u00f0unum t.d k\u00f6ssunum.. En au\u00f0vita \u00fea\u00f0 sem \u00fearf a\u00f0 vera s\u00f3tthreinsa\u00f0 ver\u00f0ur a\u00f0 vera \u00ed s\u00ednum umb\u00fa\u00f0um.<\/li>\n<li>Einota poka &#8211; til henda notu\u00f0um st\u00f3mav\u00f6rum.<\/li>\n<li>Blaut\u00feurrkur, tissj\u00fa, sk\u00e6ri, og annan varning sem \u00fe\u00fa notar t.d leir e\u00f0a lyktarey\u00f0ir.<\/li>\n<li>Lyf vi\u00f0 ni\u00f0urgangi e\u00f0a stopp t\u00f6flur s.s Imodium. H\u00e6gt a\u00f0 kaup \u00ed lyfverslunum \u00e1n lyfse\u00f0ils \u00ed 16 stk \u00ed pakka. Ef \u00fe\u00fa telur a\u00f0 \u00fe\u00fa \u00feurfir fleiri en 16 stk. er hagst\u00e6\u00f0ara a\u00f0 f\u00e1 lyfse\u00f0il hj\u00e1 l\u00e6kni fyrir imodium t\u00f6flunum.<\/li>\n<li>\u00d6llu \u00f6nnur lyf sem tekin eru \u00feurfa a\u00f0 vera vel merkt og \u00ed upphaflegum umb\u00fa\u00f0um.<\/li>\n<\/ul>\n<p>\u00d6nnur hagr\u00e6\u00f0 h\u00fasr\u00e1\u00f0:<\/p>\n<ul>\n<li>Drekki\u00f0 einungis keypt vatn \u00ed vi\u00f0urkenndum seldum fl\u00f6skum, ekki kranavatn. Athugi\u00f0 einnig a\u00f0 ef keypt er gos er yfirleitt nota\u00f0 kranavatn \u00ed klaka. Bi\u00f0ja um gosi\u00f0 \u00e1n kaka.<\/li>\n<li>Plast lak til a\u00f0 koma \u00ed veg fyrir a\u00f0 eitthva\u00f0 ey\u00f0ileggi d\u00fdnurnar \u00fear sem gist er, ef \u00fea\u00f0 er \u00e1hyggjuefni \u00fe\u00e1 er um a\u00f0 gera a\u00f0 hafa \u00fea\u00f0 me\u00f0fer\u00f0is til a\u00f0 fri\u00f0a hugann.<\/li>\n<li>Gott a\u00f0 \u00fatb\u00faa litla t\u00f6sku me\u00f0 nau\u00f0synlegum varningi fyrir styttri fer\u00f0ir \u00e1 me\u00f0an fr\u00edinu stendur t.d \u00ed b\u00fa\u00f0ina e\u00f0a \u00ed b\u00edlinn.<\/li>\n<li>Sl\u00f3\u00f0 inn \u00e1 heims\u00ed\u00f0u USA today \u00fear sem b\u00fai\u00f0 er a\u00f0 \u00fatb\u00faa lista yfir \u00fe\u00e1 flugvelli \u00fear sem l\u00edkurnar eru mestar a\u00f0 \u00feurfa b\u00ed\u00f0a \u00ed l\u00f6ngum bi\u00f0r\u00f6\u00f0um. Reyndar \u00e1 \u00feetta einungis vi\u00f0 flugvelli \u00ed<\/li>\n<li>Bandar\u00edkjunum.www.usatoday.com\/travel\/graphics\/TSAdelays\/flash.htm<\/li>\n<\/ul>\n","protected":false},"excerpt":{"rendered":"<p>\u00c1\u00f0ur en \u00fe\u00fa byrjar a\u00f0 pakka ni\u00f0ur: Skrifa\u00f0u ni\u00f0ur hj\u00e1 \u00fe\u00e9r, st\u00e6r\u00f0, nafn, p\u00f6ntunarn\u00famer og framlei\u00f0anda \u00feeirra st\u00f3mavarnings sem \u00fe\u00fa notar, sem og s\u00edman\u00famer dreifingara\u00f0ila. Ristilsst\u00f3ma: Athuga hvort ekki s\u00e9 h\u00e6gt a\u00f0 f\u00e1 poka sem h\u00e6gt er a\u00f0 t\u00e6ma, \u00fev\u00ed ef ni\u00f0urgangur gerir vart vi\u00f0 sig er au\u00f0veldara a\u00f0 hafa poka sem h\u00e6gt er a\u00f0 [&hellip;]<\/p>\n","protected":false},"author":1,"featured_media":0,"parent":0,"menu_order":0,"comment_status":"open","ping_status":"open","template":"","meta":{"_genesis_hide_title":false,"_genesis_hide_breadcrumbs":false,"_genesis_hide_singular_image":false,"_genesis_hide_footer_widgets":false,"_genesis_custom_body_class":"","_genesis_custom_post_class":"","_genesis_layout":"","footnotes":""},"_links":{"self":[{"href":"http:\/\/stoma.is\/index.php?rest_route=\/wp\/v2\/pages\/94"}],"collection":[{"href":"http:\/\/stoma.is\/index.php?rest_route=\/wp\/v2\/pages"}],"about":[{"href":"http:\/\/stoma.is\/index.php?rest_route=\/wp\/v2\/types\/page"}],"author":[{"embeddable":true,"href":"http:\/\/stoma.is\/index.php?rest_route=\/wp\/v2\/users\/1"}],"replies":[{"embeddable":true,"href":"http:\/\/stoma.is\/index.php?rest_route=%2Fwp%2Fv2%2Fcomments&post=94"}],"version-history":[{"count":2,"href":"http:\/\/stoma.is\/index.php?rest_route=\/wp\/v2\/pages\/94\/revisions"}],"predecessor-version":[{"id":97,"href":"http:\/\/stoma.is\/index.php?rest_route=\/wp\/v2\/pages\/94\/revisions\/97"}],"wp:attachment":[{"href":"http:\/\/stoma.is\/index.php?rest_route=%2Fwp%2Fv2%2Fmedia&parent=94"}],"curies":[{"name":"wp","href":"https:\/\/api.w.org\/{rel}","templated":true}]}}