{"id":70,"date":"2015-03-10T14:15:46","date_gmt":"2015-03-10T14:15:46","guid":{"rendered":"http:\/\/stoma.is\/?page_id=70"},"modified":"2016-04-27T08:51:56","modified_gmt":"2016-04-27T08:51:56","slug":"tenglar","status":"publish","type":"page","link":"http:\/\/stoma.is\/?page_id=70","title":{"rendered":"Tenglar"},"content":{"rendered":"<p><strong>F\u00e9lagasamt\u00f6k:<\/strong><\/p>\n<ul>\n<li><a href=\"http:\/\/www.ostomyinternational.org\">Al\u00fej\u00f3\u00f0legu st\u00f3masamt\u00f6kin, IOA<\/a><\/li>\n<li><a href=\"http:\/\/ostomyeurope.org\">Evr\u00f3psku st\u00f3masamt\u00f6kin, EOA<\/a><\/li>\n<li><a href=\"http:\/\/norilco.no\">Norsku st\u00f3masamt\u00f6kin, Norilco<\/a><\/li>\n<li><a href=\"http:\/\/ilco.nu\/\">D\u00f6nsku st\u00f3masamt\u00f6kin, Copa<\/a><\/li>\n<li><a href=\"http:\/\/ilco.nu\/\">S\u00e6nsku st\u00f3masamt\u00f6kin, Ilco<\/a><\/li>\n<li><a href=\"http:\/\/finnilco.fi\/\">Finnsku st\u00f3masamt\u00f6kin, Finnilco<\/a><\/li>\n<li><a href=\"http:\/\/www.colostomyassociation.org.uk\/\">Bresku ristilst\u00f3masamt\u00f6kin<\/a><\/li>\n<li><a href=\"http:\/\/www.iasupport.org\/\">Bresku garnast\u00f3ma- og j-pokasamt\u00f6kin, IA<\/a><\/li>\n<li><a href=\"http:\/\/www.urostomyassociation.org.uk\/\">Bresku \u00fevagst\u00f3masamt\u00f6kin, UA<\/a><\/li>\n<li><a href=\"http:\/\/www.ostomy.org\">Bandar\u00edsku st\u00f3masamt\u00f6kin, UOAA<\/a><\/li>\n<li><a href=\"http:\/\/www.ostomycanada.ca\">Kanad\u00edsku st\u00f3masamt\u00f6kin<\/a><\/li>\n<\/ul>\n<p><strong>Samt\u00f6k \u00e1 \u00cdslandi:<\/strong><\/p>\n<ul>\n<li><a href=\"http:\/\/www.krabb.is\/\">Krabbameinsf\u00e9lagi\u00f0<\/a><\/li>\n<li><\/li>\n<li><a href=\"http:\/\/www.obi.is\/\">\u00d6ryrkjabandalagi\u00f0<\/a><\/li>\n<\/ul>\n<p><strong>Hvatning og fr\u00e6\u00f0sla<\/strong>:<\/p>\n<ul>\n<li><a href=\"http:\/\/nogutsknowglory.weneedideas.ca\/\">No guts know glory<\/a>: Rob Hill gekk \u00e1 Everest og hina sex\u00a0st\u00e6rstu tinda hverrar heims\u00e1lfu.<\/li>\n<li><a href=\"http:\/\/ostomyoutdoors.com\/\">Ostomy outdoors<\/a>: Heidi Skiba n\u00fdtur alls \u00feess sem \u00fativist hefur upp \u00e1 a\u00f0 bj\u00f3\u00f0a.<\/li>\n<li><a href=\"https:\/\/goingup2010.wordpress.com\/\">Going up despite limitations<\/a>: \u00c1g\u00fast f\u00f3r \u00ed fer\u00f0 \u00ed Alpana 2010 og sag\u00f0i fr\u00e1 \u00fev\u00ed \u00e1 s\u00ed\u00f0unni sinni.<\/li>\n<li><a href=\"https:\/\/youtu.be\/g0iVV1FPHz0\">Ostomy lifestyle films<\/a>:\u00a0Michelle t\u00f3k \u00fe\u00e1tt \u00ed \u00fer\u00ed\u00feraut og segir s\u00f6gu sinni \u00ed vi\u00f0tali.<\/li>\n<li><a href=\"http:\/\/www.blakebeckford.co.uk\/\">Blake Beckford<\/a>: Blake er virkur \u00ed l\u00edkamsr\u00e6kt og keppir \u00ed fitness.<\/li>\n<li><a href=\"http:\/\/uncoverostomy.org\/blog\/\">Uncover Ostomy<\/a>: Jessica f\u00e9kk ung st\u00f3ma og skrifar \u00e1hugaver\u00f0 blogg um l\u00edf me\u00f0 st\u00f3ma.<\/li>\n<\/ul>\n<p><strong>Framlei\u00f0endur st\u00f3mavara og endurs\u00f6lua\u00f0ilar:<\/strong><\/p>\n<ul>\n<li><a href=\"http:\/\/www.coloplast.com\/\">Coloplast<\/a><\/li>\n<li><a href=\"http:\/\/www.convatec.com\/\">ConvaTec<\/a><\/li>\n<li><a href=\"http:\/\/eirberg.is\/\">Eirberg<\/a><\/li>\n<li><a href=\"http:\/\/www.medor.is\">Medor<\/a><\/li>\n<li><a href=\"http:\/\/www.lyfja.is\/Thjonustailyfju\/Hjukrunarvorur\/\">Lyfja &#8211; L\u00e1gm\u00fala<\/a><\/li>\n<\/ul>\n<p>&nbsp;<\/p>\n<p>&nbsp;<\/p>\n","protected":false},"excerpt":{"rendered":"<p>F\u00e9lagasamt\u00f6k: Al\u00fej\u00f3\u00f0legu st\u00f3masamt\u00f6kin, IOA Evr\u00f3psku st\u00f3masamt\u00f6kin, EOA Norsku st\u00f3masamt\u00f6kin, Norilco D\u00f6nsku st\u00f3masamt\u00f6kin, Copa S\u00e6nsku st\u00f3masamt\u00f6kin, Ilco Finnsku st\u00f3masamt\u00f6kin, Finnilco Bresku ristilst\u00f3masamt\u00f6kin Bresku garnast\u00f3ma- og j-pokasamt\u00f6kin, IA Bresku \u00fevagst\u00f3masamt\u00f6kin, UA Bandar\u00edsku st\u00f3masamt\u00f6kin, UOAA Kanad\u00edsku st\u00f3masamt\u00f6kin Samt\u00f6k \u00e1 \u00cdslandi: Krabbameinsf\u00e9lagi\u00f0 \u00d6ryrkjabandalagi\u00f0 Hvatning og fr\u00e6\u00f0sla: No guts know glory: Rob Hill gekk \u00e1 Everest og hina sex\u00a0st\u00e6rstu tinda [&hellip;]<\/p>\n","protected":false},"author":1,"featured_media":0,"parent":0,"menu_order":0,"comment_status":"open","ping_status":"open","template":"","meta":{"_genesis_hide_title":false,"_genesis_hide_breadcrumbs":false,"_genesis_hide_singular_image":false,"_genesis_hide_footer_widgets":false,"_genesis_custom_body_class":"","_genesis_custom_post_class":"","_genesis_layout":"","footnotes":""},"_links":{"self":[{"href":"http:\/\/stoma.is\/index.php?rest_route=\/wp\/v2\/pages\/70"}],"collection":[{"href":"http:\/\/stoma.is\/index.php?rest_route=\/wp\/v2\/pages"}],"about":[{"href":"http:\/\/stoma.is\/index.php?rest_route=\/wp\/v2\/types\/page"}],"author":[{"embeddable":true,"href":"http:\/\/stoma.is\/index.php?rest_route=\/wp\/v2\/users\/1"}],"replies":[{"embeddable":true,"href":"http:\/\/stoma.is\/index.php?rest_route=%2Fwp%2Fv2%2Fcomments&post=70"}],"version-history":[{"count":9,"href":"http:\/\/stoma.is\/index.php?rest_route=\/wp\/v2\/pages\/70\/revisions"}],"predecessor-version":[{"id":461,"href":"http:\/\/stoma.is\/index.php?rest_route=\/wp\/v2\/pages\/70\/revisions\/461"}],"wp:attachment":[{"href":"http:\/\/stoma.is\/index.php?rest_route=%2Fwp%2Fv2%2Fmedia&parent=70"}],"curies":[{"name":"wp","href":"https:\/\/api.w.org\/{rel}","templated":true}]}}